{"id":5370,"date":"2022-09-02T13:31:30","date_gmt":"2022-09-02T11:31:30","guid":{"rendered":"https:\/\/web.castfast.com\/mentions-legales\/"},"modified":"2026-04-01T08:08:27","modified_gmt":"2026-04-01T06:08:27","slug":"mentions-legales","status":"publish","type":"page","link":"https:\/\/www.castfast.com\/fr\/mentions-legales\/","title":{"rendered":"Mentions l\u00e9gales"},"content":{"rendered":"\t\t<div data-elementor-type=\"wp-page\" data-elementor-id=\"5370\" class=\"elementor elementor-5370 elementor-92\" data-elementor-post-type=\"page\">\n\t\t\t\t<div class=\"elementor-element elementor-element-b9480fc e-flex e-con-boxed e-con e-parent\" data-id=\"b9480fc\" data-element_type=\"container\" data-e-type=\"container\" data-settings=\"{&quot;background_background&quot;:&quot;classic&quot;}\">\n\t\t\t\t\t<div class=\"e-con-inner\">\n\t\t\t\t<div class=\"elementor-element elementor-element-35dd3a3 elementor-widget__width-initial elementor-widget elementor-widget-heading\" data-id=\"35dd3a3\" data-element_type=\"widget\" data-e-type=\"widget\" data-widget_type=\"heading.default\">\n\t\t\t\t<div class=\"elementor-widget-container\">\n\t\t\t\t\t<h2 class=\"elementor-heading-title elementor-size-default\">Mentions l\u00e9gales<\/h2>\t\t\t\t<\/div>\n\t\t\t\t<\/div>\n\t\t\t\t\t<\/div>\n\t\t\t\t<\/div>\n\t\t<div class=\"elementor-element elementor-element-b594779 e-flex e-con-boxed e-con e-parent\" data-id=\"b594779\" data-element_type=\"container\" data-e-type=\"container\" data-settings=\"{&quot;background_background&quot;:&quot;classic&quot;}\">\n\t\t\t\t\t<div class=\"e-con-inner\">\n\t\t\t\t<div class=\"elementor-element elementor-element-0fd583b elementor-widget elementor-widget-text-editor\" data-id=\"0fd583b\" data-element_type=\"widget\" data-e-type=\"widget\" data-widget_type=\"text-editor.default\">\n\t\t\t\t<div class=\"elementor-widget-container\">\n\t\t\t\t\t\t\t\t\t<div class=\"uncoltable\">\n<div class=\"uncell no-block-padding\">\n<div class=\"uncont\">\n<div class=\"uncode_text_column\">\n<h4><strong>CASTFAST GmbH<\/strong><\/h4>\n<p>Mombacher Str. 68<br>55122 Mainz<br>Allemagne<\/p>\n<p>T\u00e9l. : <a href=\"tel:+4915164027273\">+49 151 6402 72 73<\/a><\/p>\n<p><a href=\"mailto:vertrieb@castfast.de\">vertrieb@castfast.de<\/a><\/p>\n<p><strong>Directeur g\u00e9n\u00e9ral :<\/strong><br>Marcel Tschillaev<br>Rahul Prasad<\/p>\n<p>Enregistr\u00e9 au tribunal d&rsquo;instance de Mayence, HRB 52209<\/p>\n<h4>Mentions l\u00e9gales<\/h4>\n<p>Les textes et images figurant sur toutes ces pages sont prot\u00e9g\u00e9s par des droits d&rsquo;auteur. La reproduction et la r\u00e9utilisation de tout contenu n\u00e9cessitent l&rsquo;accord de CASTFAST GmbH. <\/p>\n<p>Les informations contenues dans ces pages sont soigneusement v\u00e9rifi\u00e9es et mises \u00e0 jour, mais aucune garantie ne peut \u00eatre donn\u00e9e quant \u00e0 leur exactitude et leur exhaustivit\u00e9.<\/p>\n<h4>Remarque concernant tous les liens sur nos pages<\/h4>\n<p>Par son jugement du 12.05.1998 -312 O85\/98, le tribunal de grande instance de Hambourg a d\u00e9cid\u00e9 qu&rsquo;un lien vers une autre page d&rsquo;accueil pouvait, le cas \u00e9ch\u00e9ant, entra\u00eener une co-responsabilit\u00e9 quant \u00e0 son contenu. Selon le tribunal, cela ne peut \u00eatre \u00e9vit\u00e9 que si l&rsquo;on se distancie express\u00e9ment de ces contenus. Par la pr\u00e9sente, nous prenons express\u00e9ment nos distances par rapport au contenu de toutes les pages que nous proposons en lien.  <\/p>\n<\/div>\n<\/div>\n<\/div>\n<\/div>\t\t\t\t\t\t\t\t<\/div>\n\t\t\t\t<\/div>\n\t\t\t\t\t<\/div>\n\t\t\t\t<\/div>\n\t\t\t\t<\/div>\n\t\t","protected":false},"excerpt":{"rendered":"<p>Mentions l\u00e9gales CASTFAST GmbH Mombacher Str. 6855122 MainzAllemagne T\u00e9l. : +49 151 6402 72 73 vertrieb@castfast.de Directeur g\u00e9n\u00e9ral :Marcel TschillaevRahul Prasad Enregistr\u00e9 au tribunal d&rsquo;instance de Mayence, HRB 52209 Mentions l\u00e9gales Les textes et images figurant sur toutes ces pages sont prot\u00e9g\u00e9s par des droits d&rsquo;auteur. La reproduction et la r\u00e9utilisation de tout contenu n\u00e9cessitent [&hellip;]<\/p>\n","protected":false},"author":2,"featured_media":0,"parent":0,"menu_order":0,"comment_status":"closed","ping_status":"closed","template":"elementor_header_footer","meta":{"inline_featured_image":false,"footnotes":""},"class_list":["post-5370","page","type-page","status-publish","hentry"],"yoast_head":"<!-- This site is optimized with the Yoast SEO plugin v27.2 - https:\/\/yoast.com\/product\/yoast-seo-wordpress\/ -->\n<title>Mentions l\u00e9gales - CASTFAST<\/title>\n<meta name=\"description\" content=\"Les mentions l\u00e9gales de CASTFAST pour toutes les informations l\u00e9gales et r\u00e9glementaires, les coordonn\u00e9es et les personnes responsables derri\u00e8re notre site et nos services.\" \/>\n<meta name=\"robots\" content=\"index, follow, max-snippet:-1, max-image-preview:large, max-video-preview:-1\" \/>\n<link rel=\"canonical\" href=\"https:\/\/www.castfast.com\/fr\/mentions-legales\/\" \/>\n<meta property=\"og:locale\" content=\"fr_FR\" \/>\n<meta property=\"og:type\" content=\"article\" \/>\n<meta property=\"og:title\" content=\"Mentions l\u00e9gales - CASTFAST\" \/>\n<meta property=\"og:description\" content=\"Les mentions l\u00e9gales de CASTFAST pour toutes les informations l\u00e9gales et r\u00e9glementaires, les coordonn\u00e9es et les personnes responsables derri\u00e8re notre site et nos services.\" \/>\n<meta property=\"og:url\" content=\"https:\/\/www.castfast.com\/fr\/mentions-legales\/\" \/>\n<meta property=\"og:site_name\" content=\"CASTFAST\" \/>\n<meta property=\"article:modified_time\" content=\"2026-04-01T06:08:27+00:00\" \/>\n<meta name=\"twitter:card\" content=\"summary_large_image\" \/>\n<meta name=\"twitter:label1\" content=\"Dur\u00e9e de lecture estim\u00e9e\" \/>\n\t<meta name=\"twitter:data1\" content=\"1 minute\" \/>\n<script type=\"application\/ld+json\" class=\"yoast-schema-graph\">{\"@context\":\"https:\/\/schema.org\",\"@graph\":[{\"@type\":\"WebPage\",\"@id\":\"https:\/\/www.castfast.com\/fr\/mentions-legales\/\",\"url\":\"https:\/\/www.castfast.com\/fr\/mentions-legales\/\",\"name\":\"Mentions l\u00e9gales - CASTFAST\",\"isPartOf\":{\"@id\":\"https:\/\/www.castfast.com\/fr\/#website\"},\"datePublished\":\"2022-09-02T11:31:30+00:00\",\"dateModified\":\"2026-04-01T06:08:27+00:00\",\"description\":\"Les mentions l\u00e9gales de CASTFAST pour toutes les informations l\u00e9gales et r\u00e9glementaires, les coordonn\u00e9es et les personnes responsables derri\u00e8re notre site et nos services.\",\"breadcrumb\":{\"@id\":\"https:\/\/www.castfast.com\/fr\/mentions-legales\/#breadcrumb\"},\"inLanguage\":\"fr-FR\",\"potentialAction\":[{\"@type\":\"ReadAction\",\"target\":[\"https:\/\/www.castfast.com\/fr\/mentions-legales\/\"]}]},{\"@type\":\"BreadcrumbList\",\"@id\":\"https:\/\/www.castfast.com\/fr\/mentions-legales\/#breadcrumb\",\"itemListElement\":[{\"@type\":\"ListItem\",\"position\":1,\"name\":\"Home\",\"item\":\"https:\/\/www.castfast.com\/fr\/0_castfast\/\"},{\"@type\":\"ListItem\",\"position\":2,\"name\":\"Mentions l\u00e9gales\"}]},{\"@type\":\"WebSite\",\"@id\":\"https:\/\/www.castfast.com\/fr\/#website\",\"url\":\"https:\/\/www.castfast.com\/fr\/\",\"name\":\"CASTFAST\",\"description\":\"Guss. Einfach machen.\",\"potentialAction\":[{\"@type\":\"SearchAction\",\"target\":{\"@type\":\"EntryPoint\",\"urlTemplate\":\"https:\/\/www.castfast.com\/fr\/?s={search_term_string}\"},\"query-input\":{\"@type\":\"PropertyValueSpecification\",\"valueRequired\":true,\"valueName\":\"search_term_string\"}}],\"inLanguage\":\"fr-FR\"}]}<\/script>\n<!-- \/ Yoast SEO plugin. -->","yoast_head_json":{"title":"Mentions l\u00e9gales - CASTFAST","description":"Les mentions l\u00e9gales de CASTFAST pour toutes les informations l\u00e9gales et r\u00e9glementaires, les coordonn\u00e9es et les personnes responsables derri\u00e8re notre site et nos services.","robots":{"index":"index","follow":"follow","max-snippet":"max-snippet:-1","max-image-preview":"max-image-preview:large","max-video-preview":"max-video-preview:-1"},"canonical":"https:\/\/www.castfast.com\/fr\/mentions-legales\/","og_locale":"fr_FR","og_type":"article","og_title":"Mentions l\u00e9gales - CASTFAST","og_description":"Les mentions l\u00e9gales de CASTFAST pour toutes les informations l\u00e9gales et r\u00e9glementaires, les coordonn\u00e9es et les personnes responsables derri\u00e8re notre site et nos services.","og_url":"https:\/\/www.castfast.com\/fr\/mentions-legales\/","og_site_name":"CASTFAST","article_modified_time":"2026-04-01T06:08:27+00:00","twitter_card":"summary_large_image","twitter_misc":{"Dur\u00e9e de lecture estim\u00e9e":"1 minute"},"schema":{"@context":"https:\/\/schema.org","@graph":[{"@type":"WebPage","@id":"https:\/\/www.castfast.com\/fr\/mentions-legales\/","url":"https:\/\/www.castfast.com\/fr\/mentions-legales\/","name":"Mentions l\u00e9gales - CASTFAST","isPartOf":{"@id":"https:\/\/www.castfast.com\/fr\/#website"},"datePublished":"2022-09-02T11:31:30+00:00","dateModified":"2026-04-01T06:08:27+00:00","description":"Les mentions l\u00e9gales de CASTFAST pour toutes les informations l\u00e9gales et r\u00e9glementaires, les coordonn\u00e9es et les personnes responsables derri\u00e8re notre site et nos services.","breadcrumb":{"@id":"https:\/\/www.castfast.com\/fr\/mentions-legales\/#breadcrumb"},"inLanguage":"fr-FR","potentialAction":[{"@type":"ReadAction","target":["https:\/\/www.castfast.com\/fr\/mentions-legales\/"]}]},{"@type":"BreadcrumbList","@id":"https:\/\/www.castfast.com\/fr\/mentions-legales\/#breadcrumb","itemListElement":[{"@type":"ListItem","position":1,"name":"Home","item":"https:\/\/www.castfast.com\/fr\/0_castfast\/"},{"@type":"ListItem","position":2,"name":"Mentions l\u00e9gales"}]},{"@type":"WebSite","@id":"https:\/\/www.castfast.com\/fr\/#website","url":"https:\/\/www.castfast.com\/fr\/","name":"CASTFAST","description":"Guss. Einfach machen.","potentialAction":[{"@type":"SearchAction","target":{"@type":"EntryPoint","urlTemplate":"https:\/\/www.castfast.com\/fr\/?s={search_term_string}"},"query-input":{"@type":"PropertyValueSpecification","valueRequired":true,"valueName":"search_term_string"}}],"inLanguage":"fr-FR"}]}},"_links":{"self":[{"href":"https:\/\/www.castfast.com\/fr\/wp-json\/wp\/v2\/pages\/5370","targetHints":{"allow":["GET"]}}],"collection":[{"href":"https:\/\/www.castfast.com\/fr\/wp-json\/wp\/v2\/pages"}],"about":[{"href":"https:\/\/www.castfast.com\/fr\/wp-json\/wp\/v2\/types\/page"}],"author":[{"embeddable":true,"href":"https:\/\/www.castfast.com\/fr\/wp-json\/wp\/v2\/users\/2"}],"replies":[{"embeddable":true,"href":"https:\/\/www.castfast.com\/fr\/wp-json\/wp\/v2\/comments?post=5370"}],"version-history":[{"count":2,"href":"https:\/\/www.castfast.com\/fr\/wp-json\/wp\/v2\/pages\/5370\/revisions"}],"predecessor-version":[{"id":83599,"href":"https:\/\/www.castfast.com\/fr\/wp-json\/wp\/v2\/pages\/5370\/revisions\/83599"}],"wp:attachment":[{"href":"https:\/\/www.castfast.com\/fr\/wp-json\/wp\/v2\/media?parent=5370"}],"curies":[{"name":"wp","href":"https:\/\/api.w.org\/{rel}","templated":true}]}}